{"id":8,"date":"2014-10-16T15:08:33","date_gmt":"2014-10-16T14:08:33","guid":{"rendered":"http:\/\/ndhprimaire.herobo.com\/?page_id=8"},"modified":"2014-10-16T15:08:33","modified_gmt":"2014-10-16T14:08:33","slug":"nos-3-projets","status":"publish","type":"page","link":"https:\/\/www.notredameheusy.net\/primaire\/nos-3-projets\/","title":{"rendered":"Nos 3 projets"},"content":{"rendered":"<p><a href=\"http:\/\/www.notredameheusy.net\/primaire\/wp-content\/uploads\/2014\/10\/elmer.png\"><img loading=\"lazy\" decoding=\"async\" class=\"size-medium wp-image-70 aligncenter\" src=\"http:\/\/www.notredameheusy.net\/primaire\/wp-content\/uploads\/2014\/10\/elmer-300x248.png\" alt=\"elmer\" width=\"300\" height=\"248\" srcset=\"https:\/\/www.notredameheusy.net\/primaire\/wp-content\/uploads\/2014\/10\/elmer-300x248.png 300w, https:\/\/www.notredameheusy.net\/primaire\/wp-content\/uploads\/2014\/10\/elmer.png 425w\" sizes=\"auto, (max-width: 300px) 100vw, 300px\" \/><\/a><\/p>\n<blockquote>\n<h2>L&rsquo; EDUCATIF<\/h2>\n<\/blockquote>\n<h3><b>\u00c9DUQUER<\/b><strong>, C\u2019EST AIMER<\/strong><\/h3>\n<p>Dans notre \u00e9cole, nous voulons vivre dans l\u2019esprit chr\u00e9tien :<br \/>\nLa solidarit\u00e9<br \/>\nLa cr\u00e9ativit\u00e9<br \/>\nL\u2019accueil<br \/>\nL\u2019autonomie<br \/>\nLe savoir<br \/>\nLe service<br \/>\nLa joie<\/p>\n<p><a href=\"http:\/\/www.notredameheusy.net\/primaire\/wp-content\/uploads\/2014\/10\/groupe.png\"><img loading=\"lazy\" decoding=\"async\" class=\"wp-image-50 size-medium alignleft\" src=\"http:\/\/www.notredameheusy.net\/primaire\/wp-content\/uploads\/2014\/10\/groupe-300x199.png\" alt=\"groupe\" width=\"300\" height=\"199\" srcset=\"https:\/\/www.notredameheusy.net\/primaire\/wp-content\/uploads\/2014\/10\/groupe-300x199.png 300w, https:\/\/www.notredameheusy.net\/primaire\/wp-content\/uploads\/2014\/10\/groupe.png 425w\" sizes=\"auto, (max-width: 300px) 100vw, 300px\" \/><\/a><\/p>\n<p style=\"text-align: justify;\">Nous voulons accepter, accueillir tous les enfants comme ils sont avec leurs diff\u00e9rences,<br \/>\nleurs faiblesses, leurs souffrances, leurs richesses,&#8230;<br \/>\nNous nous voulons lieu de partage des diff\u00e9rences culturelles afin de d\u00e9couvrir la<br \/>\nrichesse de ces diff\u00e9rences.<br \/>\nNous voulons un climat de respect mutuel, entre enfants, entre adultes et enfants.<br \/>\nNous voulons apprendre aux enfants \u00e0 appr\u00e9cier les valeurs des autres.<br \/>\nNous voulons que les enfants vivent une discipline mieux comprise, qu\u2019ils forment<br \/>\nune vraie communaut\u00e9 o\u00f9 chacun est solidaire de tous ainsi que du monde<br \/>\next\u00e9rieur, qu\u2019ils vivent le partage, dans leurs jeux, leurs id\u00e9es, \u00e0 travers leurs amiti\u00e9s,<br \/>\nqu\u2019ils soient responsables d\u2019eux-m\u00eames et des autres, qu\u2019ils travaillent en \u00e9quipes,<br \/>\nqu\u2019ils fassent et vivent des projets communs, qu\u2019ils se respectent et qu\u2019ils respectent<br \/>\nl\u2019environnement.<br \/>\nNous voulons, par notre structure et notre organisation, nous mettre au service de<br \/>\nTOUT l\u2019enfant en l\u2019aidant \u00e0 acqu\u00e9rir autonomie et confiance en soi.<br \/>\nCet id\u00e9al de vie et d\u2019\u00e9ducation, nous nous efforcerons tous d\u2019y tendre avec l\u2019aide de<br \/>\nDieu, sur le chemin que nous trace J\u00e9sus, son Fils.<br \/>\nLe grand but du projet \u00e9ducatif est d\u2019apprendre \u00e0 aimer.<\/p>\n","protected":false},"excerpt":{"rendered":"<p>L&rsquo; EDUCATIF \u00c9DUQUER, C\u2019EST AIMER Dans notre \u00e9cole, nous voulons vivre dans l\u2019esprit chr\u00e9tien : La solidarit\u00e9 La cr\u00e9ativit\u00e9 L\u2019accueil L\u2019autonomie Le savoir Le service La joie Nous voulons accepter, accueillir tous les enfants comme ils sont avec leurs diff\u00e9rences, leurs faiblesses, leurs souffrances, leurs richesses,&#8230; Nous nous voulons lieu de partage des diff\u00e9rences culturelles [&hellip;]<\/p>\n","protected":false},"author":3,"featured_media":0,"parent":0,"menu_order":0,"comment_status":"closed","ping_status":"closed","template":"","meta":{"footnotes":""},"class_list":["post-8","page","type-page","status-publish","hentry"],"_links":{"self":[{"href":"https:\/\/www.notredameheusy.net\/primaire\/wp-json\/wp\/v2\/pages\/8","targetHints":{"allow":["GET"]}}],"collection":[{"href":"https:\/\/www.notredameheusy.net\/primaire\/wp-json\/wp\/v2\/pages"}],"about":[{"href":"https:\/\/www.notredameheusy.net\/primaire\/wp-json\/wp\/v2\/types\/page"}],"author":[{"embeddable":true,"href":"https:\/\/www.notredameheusy.net\/primaire\/wp-json\/wp\/v2\/users\/3"}],"replies":[{"embeddable":true,"href":"https:\/\/www.notredameheusy.net\/primaire\/wp-json\/wp\/v2\/comments?post=8"}],"version-history":[{"count":0,"href":"https:\/\/www.notredameheusy.net\/primaire\/wp-json\/wp\/v2\/pages\/8\/revisions"}],"wp:attachment":[{"href":"https:\/\/www.notredameheusy.net\/primaire\/wp-json\/wp\/v2\/media?parent=8"}],"curies":[{"name":"wp","href":"https:\/\/api.w.org\/{rel}","templated":true}]}}