{"id":775,"date":"2015-01-19T11:24:09","date_gmt":"2015-01-19T10:24:09","guid":{"rendered":"http:\/\/www.notredameheusy.net\/primaire\/?page_id=775"},"modified":"2015-02-05T16:12:48","modified_gmt":"2015-02-05T15:12:48","slug":"parking-au-sein-de-lecole","status":"publish","type":"page","link":"https:\/\/www.notredameheusy.net\/primaire\/parking-au-sein-de-lecole\/","title":{"rendered":"Parking au sein de l&rsquo;\u00e9cole"},"content":{"rendered":"<h4><strong><span style=\"color: #99ccff;\">Les r\u00e8gles de fr\u00e9quentation du site:<\/span><\/strong><\/h4>\n<h4><\/h4>\n<h4><img loading=\"lazy\" decoding=\"async\" class=\" size-medium wp-image-1046 alignleft\" style=\"border: 1px #000000 solid; margin-right: 15px;\" src=\"http:\/\/www.notredameheusy.net\/primaire\/wp-content\/uploads\/2014\/12\/NDHvue-arerienne-300x161.png\" alt=\"NDHvue-arerienne\" width=\"300\" height=\"161\" srcset=\"https:\/\/www.notredameheusy.net\/primaire\/wp-content\/uploads\/2014\/12\/NDHvue-arerienne-300x161.png 300w, https:\/\/www.notredameheusy.net\/primaire\/wp-content\/uploads\/2014\/12\/NDHvue-arerienne.png 595w\" sizes=\"auto, (max-width: 300px) 100vw, 300px\" \/><\/h4>\n<h4>Pour les parents de l&rsquo;\u00e9cole primaire et secondaire:<\/h4>\n<p><span style=\"color: #99ccff;\">la pr\u00e9sence de<\/span><strong><span style=\"color: #99ccff;\"> voitures<\/span> <\/strong>non autoris\u00e9es sur le site de l\u2019\u00e9cole <span style=\"color: #99ccff;\">est interdite entre 8h05 et 15h40<\/span> et<span style=\"color: #99ccff;\"> le mercredi entre 11h50 et 12h10<\/span><strong>.<\/strong><\/p>\n<p>&nbsp;<\/p>\n<p>&nbsp;<\/p>\n<p>&nbsp;<\/p>\n<p>Merci de respecter cette injonction.<\/p>\n<p>Il est utile de rappeler que les <span style=\"color: #99ccff;\">garderies gratuites jusque 15h45<\/span> permettent aux parents de\u00a0reprendre leurs enfants en dehors des heures \u00e0 risque.<\/p>\n<p>&nbsp;<\/p>\n<p>&nbsp;<\/p>\n<p>PS : La zone de d\u00e9barquement est uniquement tol\u00e9r\u00e9e aux heures de rentr\u00e9e et de sortie des classes pour les <strong>parents\u00a0d\u2019\u00e9l\u00e8ves de maternelle \u00e0 condition d\u2019avoir demand\u00e9 \u00e0 la direction un macaron et de l\u2019avoir\u00a0plac\u00e9 bien en \u00e9vidence \u00e0 l\u2019avant du v\u00e9hicule<\/strong>.<\/p>\n<p>Pour ces parents de l&rsquo;\u00e9cole maternelle, la zone pr\u00e9vue pour\u00a0l\u2019embarquement lors des rentr\u00e9es et sorties\u00a0des classes porte le nom de \u00ab ZONE DE DEBARQUEMENT \u00bb.<\/p>\n<p>&nbsp;<\/p>\n<p>Elle se situe juste derri\u00e8re le b\u00e2timent de la bibliobulle (voir plan ci-dessous) et est signal\u00e9e\u00a0par des panneaux ad hoc.<\/p>\n<p>&nbsp;<\/p>\n<p>&nbsp;<\/p>\n","protected":false},"excerpt":{"rendered":"<p>Les r\u00e8gles de fr\u00e9quentation du site: Pour les parents de l&rsquo;\u00e9cole primaire et secondaire: la pr\u00e9sence de voitures non autoris\u00e9es sur le site de l\u2019\u00e9cole est interdite entre 8h05 et 15h40 et le mercredi entre 11h50 et 12h10. &nbsp; &nbsp; &nbsp; Merci de respecter cette injonction. Il est utile de rappeler que les garderies gratuites [&hellip;]<\/p>\n","protected":false},"author":3,"featured_media":0,"parent":0,"menu_order":0,"comment_status":"closed","ping_status":"closed","template":"","meta":{"footnotes":""},"class_list":["post-775","page","type-page","status-publish","hentry"],"_links":{"self":[{"href":"https:\/\/www.notredameheusy.net\/primaire\/wp-json\/wp\/v2\/pages\/775","targetHints":{"allow":["GET"]}}],"collection":[{"href":"https:\/\/www.notredameheusy.net\/primaire\/wp-json\/wp\/v2\/pages"}],"about":[{"href":"https:\/\/www.notredameheusy.net\/primaire\/wp-json\/wp\/v2\/types\/page"}],"author":[{"embeddable":true,"href":"https:\/\/www.notredameheusy.net\/primaire\/wp-json\/wp\/v2\/users\/3"}],"replies":[{"embeddable":true,"href":"https:\/\/www.notredameheusy.net\/primaire\/wp-json\/wp\/v2\/comments?post=775"}],"version-history":[{"count":14,"href":"https:\/\/www.notredameheusy.net\/primaire\/wp-json\/wp\/v2\/pages\/775\/revisions"}],"predecessor-version":[{"id":1058,"href":"https:\/\/www.notredameheusy.net\/primaire\/wp-json\/wp\/v2\/pages\/775\/revisions\/1058"}],"wp:attachment":[{"href":"https:\/\/www.notredameheusy.net\/primaire\/wp-json\/wp\/v2\/media?parent=775"}],"curies":[{"name":"wp","href":"https:\/\/api.w.org\/{rel}","templated":true}]}}