{"id":42,"date":"2014-10-20T11:13:00","date_gmt":"2014-10-20T10:13:00","guid":{"rendered":"http:\/\/ndhprimaire.herobo.com\/?page_id=42"},"modified":"2024-09-06T11:55:02","modified_gmt":"2024-09-06T09:55:02","slug":"contact","status":"publish","type":"page","link":"https:\/\/www.notredameheusy.net\/primaire\/contact\/","title":{"rendered":"Contacts"},"content":{"rendered":"<p>Asbl Ecole primaire autonome de l\u2019institut NOTRE-DAME<br \/>Avenue Jean Tast\u00e9, 38 4802 Heusy<\/p>\n<h4>\u00a0<\/h4>\n<h4><strong>La direction<\/strong><\/h4>\n<p>Ecole primaire : Madame Carole Herman\u00a0<br \/>\u2192 087\/29 10 84 (\u00e9cole)<br \/>\u2192 direction.primaire@notredameheusy.org<\/p>\n<h4>\u00a0<\/h4>\n\n\n<h4 class=\"wp-block-heading\"><strong>Secr\u00e9tariat<\/strong><\/h4>\n\n\n\n<p>Madame Ma\u00eft\u00e9 Lema\u00eetre<br>\u2192 secretariat.primaire@notredameheusy.org<br>\u2192 087\/29.10.84<\/p>\n\n\n\n<p>\u2192 Le bureau est ouvert de&nbsp;<em>8h00 \u00e0 16h00 (le mercredi de 8h00 \u00e0 12h00)<\/em><\/p>\n\n\n\n<div style=\"height:14px\" aria-hidden=\"true\" class=\"wp-block-spacer\"><\/div>\n\n\n\n<h4 class=\"wp-block-heading\"><strong>Association de parents (A.P.)<\/strong><\/h4>\n\n\n\n<p>\u2192 <a href=\"mailto:associationparentsndh@gmail.com\">associationparentsndh@gmail.com<\/a><br>\u2192\u00a0<a href=\"https:\/\/www.facebook.com\/APNDH?fref=ts\">https:\/\/www.facebook.com\/APNDH?fref=ts<\/a><\/p>\n\n\n\n<div style=\"height:19px\" aria-hidden=\"true\" class=\"wp-block-spacer\"><\/div>\n\n\n\n<h4 class=\"wp-block-heading\"><strong>Centre psycho m\u00e9dico social (PMS)<\/strong><\/h4>\n\n\n\n<p>Tout parent peut faire appel \u00e0 ce service.<br>PMS libre 3, rue Laoureux, 32 \u00e0 4800 Verviers (087\/32 27 41)<br>Psychologue : Mme D\u00e9dericks <br>Assistante sociale : Mme Baron<\/p>\n\n\n\n<div style=\"height:15px\" aria-hidden=\"true\" class=\"wp-block-spacer\"><\/div>\n\n\n\n<h4 class=\"wp-block-heading\"><strong>Inspection m\u00e9dicale scolaire (PSE)<\/strong><\/h4>\n\n\n\n<p>Centre o\u00f9 les \u00e9l\u00e8ves de certaines classes passent une visite m\u00e9dicale.<br>Rue Peltzer de Clermont, 34 \u00e0 4800 Verviers (087\/33 61 31)<br>Responsable: Madame Jospin<\/p>\n","protected":false},"excerpt":{"rendered":"<p>Asbl Ecole primaire autonome de l\u2019institut NOTRE-DAMEAvenue Jean Tast\u00e9, 38 4802 Heusy \u00a0 La direction Ecole primaire : Madame Carole Herman\u00a0\u2192 087\/29 10 84 (\u00e9cole)\u2192 direction.primaire@notredameheusy.org \u00a0 Secr\u00e9tariat Madame Ma\u00eft\u00e9 Lema\u00eetre\u2192 secretariat.primaire@notredameheusy.org\u2192 087\/29.10.84 \u2192 Le bureau est ouvert de&nbsp;8h00 \u00e0 16h00 (le mercredi de 8h00 \u00e0 12h00) Association de parents (A.P.) \u2192 associationparentsndh@gmail.com\u2192\u00a0https:\/\/www.facebook.com\/APNDH?fref=ts Centre psycho [&hellip;]<\/p>\n","protected":false},"author":3,"featured_media":0,"parent":0,"menu_order":0,"comment_status":"closed","ping_status":"closed","template":"","meta":{"footnotes":""},"class_list":["post-42","page","type-page","status-publish","hentry"],"_links":{"self":[{"href":"https:\/\/www.notredameheusy.net\/primaire\/wp-json\/wp\/v2\/pages\/42","targetHints":{"allow":["GET"]}}],"collection":[{"href":"https:\/\/www.notredameheusy.net\/primaire\/wp-json\/wp\/v2\/pages"}],"about":[{"href":"https:\/\/www.notredameheusy.net\/primaire\/wp-json\/wp\/v2\/types\/page"}],"author":[{"embeddable":true,"href":"https:\/\/www.notredameheusy.net\/primaire\/wp-json\/wp\/v2\/users\/3"}],"replies":[{"embeddable":true,"href":"https:\/\/www.notredameheusy.net\/primaire\/wp-json\/wp\/v2\/comments?post=42"}],"version-history":[{"count":33,"href":"https:\/\/www.notredameheusy.net\/primaire\/wp-json\/wp\/v2\/pages\/42\/revisions"}],"predecessor-version":[{"id":4447,"href":"https:\/\/www.notredameheusy.net\/primaire\/wp-json\/wp\/v2\/pages\/42\/revisions\/4447"}],"wp:attachment":[{"href":"https:\/\/www.notredameheusy.net\/primaire\/wp-json\/wp\/v2\/media?parent=42"}],"curies":[{"name":"wp","href":"https:\/\/api.w.org\/{rel}","templated":true}]}}