{"id":3247,"date":"2019-01-10T16:50:07","date_gmt":"2019-01-10T14:50:07","guid":{"rendered":"http:\/\/www.notredameheusy.net\/primaire\/?page_id=3247"},"modified":"2019-01-10T17:02:46","modified_gmt":"2019-01-10T15:02:46","slug":"structure-juridique","status":"publish","type":"page","link":"https:\/\/www.notredameheusy.net\/primaire\/structure-juridique\/","title":{"rendered":"Structure juridique"},"content":{"rendered":"\n<div style=\"height:22px\" aria-hidden=\"true\" class=\"wp-block-spacer\"><\/div>\n\n\n\n<p>Notre \u00e9cole appartient \u00e0: <\/p>\n\n\n\n<p><strong>l&rsquo;ASBL Centre Scolaire Institut Notre-Dame Heusy<\/strong><\/p>\n\n\n\n<p>Avenue Jean Tast\u00e9, 80 &#8211; 4802 Heusy<\/p>\n\n\n\n<p>BCE: 0420.558.544<\/p>\n\n\n\n<p><\/p>\n\n\n\n<div style=\"height:20px\" aria-hidden=\"true\" class=\"wp-block-spacer\"><\/div>\n\n\n\n<p>La pr\u00e9sidence du <strong>conseil d&rsquo;administration<\/strong> est assum\u00e9e par <\/p>\n\n\n\n<p><strong>M. Yves Wynants<\/strong>: yves.wynants@notredameheusy.be<\/p>\n\n\n\n<div style=\"height:22px\" aria-hidden=\"true\" class=\"wp-block-spacer\"><\/div>\n\n\n\n<p>Le suivi de la <strong>gestion quotidienne de l&rsquo;\u00e9cole fondamentale<\/strong> est assur\u00e9 par un comit\u00e9 de gestion sp\u00e9cifique pr\u00e9sid\u00e9 par<\/p>\n\n\n\n<p><strong>M. Henri-Paul GODIN<\/strong>: fehcel.dux@skynet.be<\/p>\n","protected":false},"excerpt":{"rendered":"<p>Notre \u00e9cole appartient \u00e0: l&rsquo;ASBL Centre Scolaire Institut Notre-Dame Heusy Avenue Jean Tast\u00e9, 80 &#8211; 4802 Heusy BCE: 0420.558.544 La pr\u00e9sidence du conseil d&rsquo;administration est assum\u00e9e par M. Yves Wynants: yves.wynants@notredameheusy.be Le suivi de la gestion quotidienne de l&rsquo;\u00e9cole fondamentale est assur\u00e9 par un comit\u00e9 de gestion sp\u00e9cifique pr\u00e9sid\u00e9 par M. Henri-Paul GODIN: fehcel.dux@skynet.be<\/p>\n","protected":false},"author":3,"featured_media":0,"parent":0,"menu_order":0,"comment_status":"closed","ping_status":"closed","template":"","meta":{"footnotes":""},"class_list":["post-3247","page","type-page","status-publish","hentry"],"_links":{"self":[{"href":"https:\/\/www.notredameheusy.net\/primaire\/wp-json\/wp\/v2\/pages\/3247","targetHints":{"allow":["GET"]}}],"collection":[{"href":"https:\/\/www.notredameheusy.net\/primaire\/wp-json\/wp\/v2\/pages"}],"about":[{"href":"https:\/\/www.notredameheusy.net\/primaire\/wp-json\/wp\/v2\/types\/page"}],"author":[{"embeddable":true,"href":"https:\/\/www.notredameheusy.net\/primaire\/wp-json\/wp\/v2\/users\/3"}],"replies":[{"embeddable":true,"href":"https:\/\/www.notredameheusy.net\/primaire\/wp-json\/wp\/v2\/comments?post=3247"}],"version-history":[{"count":3,"href":"https:\/\/www.notredameheusy.net\/primaire\/wp-json\/wp\/v2\/pages\/3247\/revisions"}],"predecessor-version":[{"id":3254,"href":"https:\/\/www.notredameheusy.net\/primaire\/wp-json\/wp\/v2\/pages\/3247\/revisions\/3254"}],"wp:attachment":[{"href":"https:\/\/www.notredameheusy.net\/primaire\/wp-json\/wp\/v2\/media?parent=3247"}],"curies":[{"name":"wp","href":"https:\/\/api.w.org\/{rel}","templated":true}]}}