{"id":273,"date":"2014-12-11T10:14:52","date_gmt":"2014-12-11T09:14:52","guid":{"rendered":"http:\/\/ndhprimaire.herobo.com\/?page_id=273"},"modified":"2021-09-24T15:18:35","modified_gmt":"2021-09-24T13:18:35","slug":"les-garderies-de-midi","status":"publish","type":"page","link":"https:\/\/www.notredameheusy.net\/primaire\/notre-organisation-2\/les-garderies-de-midi\/","title":{"rendered":"Les garderies de midi"},"content":{"rendered":"<p><strong><span style=\"color: #99ccff;\">De tr\u00e8s nombreux enfants de notre \u00e9cole restent sur le temps de midi.<\/span><\/strong><\/p>\n<p>Nous rappelons que l\u2019\u00e9cole n\u2019est pas oblig\u00e9e d\u2019assurer cette t\u00e2che, c\u2019est un service qu\u2019elle\u00a0rend aux parents. (d\u00e9cret de juillet 1998)<\/p>\n<p>Les conditions d\u2019accueil sont limit\u00e9es et r\u00e9serv\u00e9es aux \u00e9l\u00e8ves habitant loin de l\u2019\u00e9cole, \u00e0 ceux\u00a0dont les 2 parents travaillent ou aux \u00e9l\u00e8ves vivant des circonstances sp\u00e9ciales \u00e0 pr\u00e9ciser \u00e0 la\u00a0direction. Le bon \u00e9quilibre d\u2019un enfant suppose qu\u2019il retourne \u00e0 la maison pendant le temps\u00a0de midi quand il peut y \u00eatre accueilli et revenir \u00e0 l\u2019\u00e9cole apr\u00e8s 13h05.<\/p>\n<p>Plusieurs surveillantes encadrent les enfants, et assurent le bon fonctionnement du temps de midi. M\u00eame si leur t\u00e2che n&rsquo;est pas ais\u00e9e, il est important que tous les enfants les respectent. Nous sommes intransigeants par rapport \u00e0 ce respect.<\/p>\n<p>Les 5 r\u00e8gles cr\u00e9\u00e9es par les \u00e9l\u00e8ves sont la base de notre bon fonctionnement.<\/p>\n<p><img loading=\"lazy\" decoding=\"async\" class=\"alignnone size-medium wp-image-1039\" style=\"border: 1px #000000 solid;\" src=\"http:\/\/www.notredameheusy.net\/primaire\/wp-content\/uploads\/2014\/12\/cantine-300x225.png\" alt=\"cantine\" width=\"300\" height=\"225\" srcset=\"https:\/\/www.notredameheusy.net\/primaire\/wp-content\/uploads\/2014\/12\/cantine-300x225.png 300w, https:\/\/www.notredameheusy.net\/primaire\/wp-content\/uploads\/2014\/12\/cantine.png 595w\" sizes=\"auto, (max-width: 300px) 100vw, 300px\" \/><\/p>\n<p><strong><span style=\"color: #99ccff;\">Repas de midi:<\/span><\/strong> 3 services de 20 minutes sont organis\u00e9s:<\/p>\n<p><strong>12h05: 1er groupe<\/strong><br \/>\n<strong> 12h25: 2\u00e8me groupe<\/strong><br \/>\n<strong> 12h45: 3\u00e8me groupe.<\/strong><\/p>\n<p><span style=\"color: #99ccff;\"><strong>Environnement durable :<\/strong><\/span><\/p>\n<p>&#8211; Pour un probl\u00e8me de gestion de d\u00e9chets, comme en maternelle, les berlingots et canettes sont interdits. Le repas est plac\u00e9 dans une bo\u00eete \u00e0 tartines (\u00e9tiquet\u00e9es), sans papier aluminium. Il est possible de commander\u00a0de la soupe.<\/p>\n<p>&#8211; Des fontaines \u00e0 eau sont \u00e0 la disposition des enfants, leur permettant de boire pendant le temps de midi et les r\u00e9cr\u00e9ations.<\/p>\n<p><a href=\"http:\/\/www.notredameheusy.net\/primaire\/wp-content\/uploads\/2014\/12\/P1110277.jpg\"><img loading=\"lazy\" decoding=\"async\" class=\" size-medium wp-image-995 aligncenter\" style=\"border: 1px #000000 solid;\" src=\"http:\/\/www.notredameheusy.net\/primaire\/wp-content\/uploads\/2014\/12\/P1110277-300x169.jpg\" alt=\"P1110277\" width=\"300\" height=\"169\" srcset=\"https:\/\/www.notredameheusy.net\/primaire\/wp-content\/uploads\/2014\/12\/P1110277-300x169.jpg 300w, https:\/\/www.notredameheusy.net\/primaire\/wp-content\/uploads\/2014\/12\/P1110277-1024x576.jpg 1024w\" sizes=\"auto, (max-width: 300px) 100vw, 300px\" \/><\/a><\/p>\n","protected":false},"excerpt":{"rendered":"<p>De tr\u00e8s nombreux enfants de notre \u00e9cole restent sur le temps de midi. Nous rappelons que l\u2019\u00e9cole n\u2019est pas oblig\u00e9e d\u2019assurer cette t\u00e2che, c\u2019est un service qu\u2019elle\u00a0rend aux parents. (d\u00e9cret de juillet 1998) Les conditions d\u2019accueil sont limit\u00e9es et r\u00e9serv\u00e9es aux \u00e9l\u00e8ves habitant loin de l\u2019\u00e9cole, \u00e0 ceux\u00a0dont les 2 parents travaillent ou aux \u00e9l\u00e8ves [&hellip;]<\/p>\n","protected":false},"author":3,"featured_media":0,"parent":67,"menu_order":1,"comment_status":"closed","ping_status":"closed","template":"","meta":{"footnotes":""},"class_list":["post-273","page","type-page","status-publish","hentry"],"_links":{"self":[{"href":"https:\/\/www.notredameheusy.net\/primaire\/wp-json\/wp\/v2\/pages\/273","targetHints":{"allow":["GET"]}}],"collection":[{"href":"https:\/\/www.notredameheusy.net\/primaire\/wp-json\/wp\/v2\/pages"}],"about":[{"href":"https:\/\/www.notredameheusy.net\/primaire\/wp-json\/wp\/v2\/types\/page"}],"author":[{"embeddable":true,"href":"https:\/\/www.notredameheusy.net\/primaire\/wp-json\/wp\/v2\/users\/3"}],"replies":[{"embeddable":true,"href":"https:\/\/www.notredameheusy.net\/primaire\/wp-json\/wp\/v2\/comments?post=273"}],"version-history":[{"count":18,"href":"https:\/\/www.notredameheusy.net\/primaire\/wp-json\/wp\/v2\/pages\/273\/revisions"}],"predecessor-version":[{"id":4023,"href":"https:\/\/www.notredameheusy.net\/primaire\/wp-json\/wp\/v2\/pages\/273\/revisions\/4023"}],"up":[{"embeddable":true,"href":"https:\/\/www.notredameheusy.net\/primaire\/wp-json\/wp\/v2\/pages\/67"}],"wp:attachment":[{"href":"https:\/\/www.notredameheusy.net\/primaire\/wp-json\/wp\/v2\/media?parent=273"}],"curies":[{"name":"wp","href":"https:\/\/api.w.org\/{rel}","templated":true}]}}