{"id":13,"date":"2014-10-16T12:08:40","date_gmt":"2014-10-16T11:08:40","guid":{"rendered":"http:\/\/ndhprimaire.herobo.com\/?page_id=13"},"modified":"2015-01-19T14:32:56","modified_gmt":"2015-01-19T13:32:56","slug":"etablissement","status":"publish","type":"page","link":"https:\/\/www.notredameheusy.net\/primaire\/etablissement\/","title":{"rendered":"Notre projet d&rsquo;\u00e9tablissement"},"content":{"rendered":"<p>Dans le quotidien de l&rsquo;\u00e9cole, toute l&rsquo;\u00e9quipe \u00e9ducative a choisi les priorit\u00e9s que nous voulons privil\u00e9gier dans notre \u00e9cole primaire.<br \/>\nElles sont d\u00e9finies dans 2 grandes rubriques de notre projet d&rsquo;\u00e9tablissement.<br \/>\nBonne d\u00e9couverte&#8230;<\/p>\n<p><em>Christophe Dech\u00eane<\/em><\/p>\n<h3>L\u2019\u00e9ducation \u00e0 la sant\u00e9.<\/h3>\n<p><img loading=\"lazy\" decoding=\"async\" class=\"wp-image-595 alignnone\" style=\"border: 2px #000000 solid;\" src=\"http:\/\/www.notredameheusy.net\/primaire\/wp-content\/uploads\/2014\/10\/cardio2-300x176.jpg\" alt=\"cardio2\" width=\"237\" height=\"128\" \/><a href=\"http:\/\/www.notredameheusy.net\/primaire\/wp-content\/uploads\/2014\/10\/cardio.jpg\"> <img loading=\"lazy\" decoding=\"async\" class=\"alignnone  wp-image-599\" style=\"border: 2px #000000 solid;\" src=\"http:\/\/www.notredameheusy.net\/primaire\/wp-content\/uploads\/2014\/10\/cardio.jpg\" alt=\"cardio\" width=\"197\" height=\"131\" \/><\/a><\/p>\n<p>&nbsp;<\/p>\n<p>Objectifs :<br \/>\n&#8211; Sensibiliser l\u2019enfant \u00e0 une alimentation\u00a0saine et des habitudes de vie.<\/p>\n<p>&nbsp;<\/p>\n<div>\n<table style=\"height: 425px;\" border=\"\u00bb1\u2033\" width=\"663\" cellspacing=\"\u00bb3\u2033\" cellpadding=\"\u00bb0\u2033\">\n<tbody>\n<tr>\n<td style=\"text-align: center;\"><strong>SANTE PHYSIQUE<\/strong><\/td>\n<td style=\"text-align: center;\"><strong>SANTE MENTALE<\/strong><\/td>\n<\/tr>\n<tr>\n<td style=\"text-align: left; padding-left: 30px;\">&#8211; Connaissance de notre corps.<br \/>\n&#8211; Hygi\u00e8ne.<br \/>\n&#8211; Nos rythmes biologiques.<br \/>\n&#8211; Le sommeil.<br \/>\n&#8211; S\u00e9curit\u00e9 sur le chemin.<br \/>\n&#8211; Les maladies.<br \/>\n&#8211; Le dos: mon ami.<br \/>\n&#8211; PSE (promotion sant\u00e9 \u00e9cole)<br \/>\n&#8211; L\u2019endurance,<br \/>\n&#8211; Le dynamisme,<br \/>\n&#8211; L\u2019adresse,<br \/>\n&#8211; Le sens de l\u2019effort,<br \/>\n&#8211; \u2026<\/td>\n<td style=\"text-align: left; padding-left: 30px;\">Pour avoir l\u2019esprit r\u00e9ceptif:<br \/>\n&#8211; G\u00e9rer ses conflits.<br \/>\n&#8211; G\u00e9rer son stress face aux\u00a0\u00e9preuves,<br \/>\naux \u00e9v\u00e9nements.<br \/>\n&#8211; Optimaliser ses relations<br \/>\n&#8211;\u00a0Favoriser une atmosph\u00e8re\u00a0d\u2019\u00e9coute<br \/>\net de concentration.<br \/>\n&#8211; G\u00e9rer son temps.<br \/>\n&#8211; G\u00e9rer ses \u00e9motions<br \/>\n&#8211; Campagne de la F.W.B: prenons le temps<br \/>\nde\u00a0vivre ensemble.<br \/>\n&#8211; PMS (psycho m\u00e9dico social)<br \/>\n&#8211; &#8230;<\/td>\n<\/tr>\n<\/tbody>\n<\/table>\n<\/div>\n<div><\/div>\n<div>\n<h3>La gestion des d\u00e9chets et la sauvegarde\u00a0de notre environnement.<\/h3>\n<\/div>\n<div>\n<p><a href=\"http:\/\/www.notredameheusy.net\/primaire\/wp-content\/uploads\/2014\/10\/compost.jpg\"><img loading=\"lazy\" decoding=\"async\" class=\"alignnone  wp-image-621\" style=\"border: 2px #000000 solid;\" src=\"http:\/\/www.notredameheusy.net\/primaire\/wp-content\/uploads\/2014\/10\/compost-300x225.jpg\" alt=\"compost\" width=\"222\" height=\"166\" srcset=\"https:\/\/www.notredameheusy.net\/primaire\/wp-content\/uploads\/2014\/10\/compost-300x225.jpg 300w, https:\/\/www.notredameheusy.net\/primaire\/wp-content\/uploads\/2014\/10\/compost.jpg 567w\" sizes=\"auto, (max-width: 222px) 100vw, 222px\" \/> <\/a> <a href=\"http:\/\/www.notredameheusy.net\/primaire\/wp-content\/uploads\/2014\/10\/Regardez-les-pousser-mai012.jpg\"><img loading=\"lazy\" decoding=\"async\" class=\"alignnone  wp-image-622\" style=\"border: 2px #000000 solid;\" src=\"http:\/\/www.notredameheusy.net\/primaire\/wp-content\/uploads\/2014\/10\/Regardez-les-pousser-mai012-300x178.jpg\" alt=\"Regardez-les pousser mai012\" width=\"280\" height=\"166\" srcset=\"https:\/\/www.notredameheusy.net\/primaire\/wp-content\/uploads\/2014\/10\/Regardez-les-pousser-mai012-300x178.jpg 300w, https:\/\/www.notredameheusy.net\/primaire\/wp-content\/uploads\/2014\/10\/Regardez-les-pousser-mai012.jpg 320w\" sizes=\"auto, (max-width: 280px) 100vw, 280px\" \/><\/a><\/p>\n<\/div>\n<div>\n<p>&nbsp;<\/p>\n<p>Objectifs :<br \/>\n&#8211; Favoriser une politique de gestion des\u00a0d\u00e9chets.<br \/>\n&#8211; Favoriser chez l\u2019enfant des habitudes de vie\u00a0qu\u2019il conservera toute sa vie.<\/p>\n<\/div>\n","protected":false},"excerpt":{"rendered":"<p>Dans le quotidien de l&rsquo;\u00e9cole, toute l&rsquo;\u00e9quipe \u00e9ducative a choisi les priorit\u00e9s que nous voulons privil\u00e9gier dans notre \u00e9cole primaire. Elles sont d\u00e9finies dans 2 grandes rubriques de notre projet d&rsquo;\u00e9tablissement. Bonne d\u00e9couverte&#8230; Christophe Dech\u00eane L\u2019\u00e9ducation \u00e0 la sant\u00e9. &nbsp; Objectifs : &#8211; Sensibiliser l\u2019enfant \u00e0 une alimentation\u00a0saine et des habitudes de vie. &nbsp; SANTE [&hellip;]<\/p>\n","protected":false},"author":3,"featured_media":0,"parent":0,"menu_order":0,"comment_status":"closed","ping_status":"closed","template":"","meta":{"footnotes":""},"class_list":["post-13","page","type-page","status-publish","hentry"],"_links":{"self":[{"href":"https:\/\/www.notredameheusy.net\/primaire\/wp-json\/wp\/v2\/pages\/13","targetHints":{"allow":["GET"]}}],"collection":[{"href":"https:\/\/www.notredameheusy.net\/primaire\/wp-json\/wp\/v2\/pages"}],"about":[{"href":"https:\/\/www.notredameheusy.net\/primaire\/wp-json\/wp\/v2\/types\/page"}],"author":[{"embeddable":true,"href":"https:\/\/www.notredameheusy.net\/primaire\/wp-json\/wp\/v2\/users\/3"}],"replies":[{"embeddable":true,"href":"https:\/\/www.notredameheusy.net\/primaire\/wp-json\/wp\/v2\/comments?post=13"}],"version-history":[{"count":55,"href":"https:\/\/www.notredameheusy.net\/primaire\/wp-json\/wp\/v2\/pages\/13\/revisions"}],"predecessor-version":[{"id":806,"href":"https:\/\/www.notredameheusy.net\/primaire\/wp-json\/wp\/v2\/pages\/13\/revisions\/806"}],"wp:attachment":[{"href":"https:\/\/www.notredameheusy.net\/primaire\/wp-json\/wp\/v2\/media?parent=13"}],"curies":[{"name":"wp","href":"https:\/\/api.w.org\/{rel}","templated":true}]}}