{"id":4632,"date":"2024-11-26T16:32:14","date_gmt":"2024-11-26T14:32:14","guid":{"rendered":"https:\/\/www.notredameheusy.net\/maternelle\/?page_id=4632"},"modified":"2026-03-19T10:45:06","modified_gmt":"2026-03-19T08:45:06","slug":"docs-a-telecharger","status":"publish","type":"page","link":"https:\/\/www.notredameheusy.net\/maternelle\/docs-a-telecharger\/","title":{"rendered":"Docs \u00e0 t\u00e9l\u00e9charger"},"content":{"rendered":"\n<div data-wp-interactive=\"core\/file\" class=\"wp-block-file\"><object data-wp-bind--hidden=\"!state.hasPdfPreview\" hidden class=\"wp-block-file__embed\" data=\"https:\/\/www.notredameheusy.net\/maternelle\/wp-content\/uploads\/2026\/03\/fiche-inscription-2025-2.pdf\" type=\"application\/pdf\" style=\"width:100%;height:440px\" aria-label=\"Contenu embarqu\u00e9 FICHE INSCRIPTION.\"><\/object><a id=\"wp-block-file--media-b24a9b16-644a-4650-98c0-1eb259a79169\" href=\"https:\/\/www.notredameheusy.net\/maternelle\/wp-content\/uploads\/2026\/03\/fiche-inscription-2025-2.pdf\">FICHE INSCRIPTION<\/a><a href=\"https:\/\/www.notredameheusy.net\/maternelle\/wp-content\/uploads\/2026\/03\/fiche-inscription-2025-2.pdf\" class=\"wp-block-file__button wp-element-button\" download aria-describedby=\"wp-block-file--media-b24a9b16-644a-4650-98c0-1eb259a79169\">T\u00e9l\u00e9charger<\/a><\/div>\n\n\n\n<figure class=\"wp-block-image size-full is-resized\"><a href=\"https:\/\/www.notredameheusy.net\/maternelle\/wp-content\/uploads\/2024\/11\/justificatif-dabsence-1.png\"><img loading=\"lazy\" decoding=\"async\" width=\"595\" height=\"842\" src=\"https:\/\/www.notredameheusy.net\/maternelle\/wp-content\/uploads\/2024\/11\/justificatif-dabsence-1.png\" alt=\"\" class=\"wp-image-4776\" style=\"width:230px;height:auto\" srcset=\"https:\/\/www.notredameheusy.net\/maternelle\/wp-content\/uploads\/2024\/11\/justificatif-dabsence-1.png 595w, https:\/\/www.notredameheusy.net\/maternelle\/wp-content\/uploads\/2024\/11\/justificatif-dabsence-1-212x300.png 212w\" sizes=\"auto, (max-width: 595px) 100vw, 595px\" \/><\/a><\/figure>\n\n\n\n<div class=\"wp-block-file\"><a id=\"wp-block-file--media-5c5b6cf3-a4b3-4115-a70c-b3f8de053efd\" href=\"https:\/\/www.notredameheusy.net\/maternelle\/wp-content\/uploads\/2024\/11\/justificatif-dabsence.png\"><strong>justificatif-d&rsquo;absence<\/strong><\/a><a href=\"https:\/\/www.notredameheusy.net\/maternelle\/wp-content\/uploads\/2024\/11\/justificatif-dabsence.png\" class=\"wp-block-file__button wp-element-button\" download aria-describedby=\"wp-block-file--media-5c5b6cf3-a4b3-4115-a70c-b3f8de053efd\">T\u00e9l\u00e9charger<\/a><\/div>\n","protected":false},"excerpt":{"rendered":"","protected":false},"author":3,"featured_media":0,"parent":0,"menu_order":0,"comment_status":"closed","ping_status":"closed","template":"","meta":{"footnotes":""},"class_list":["post-4632","page","type-page","status-publish","hentry"],"_links":{"self":[{"href":"https:\/\/www.notredameheusy.net\/maternelle\/wp-json\/wp\/v2\/pages\/4632","targetHints":{"allow":["GET"]}}],"collection":[{"href":"https:\/\/www.notredameheusy.net\/maternelle\/wp-json\/wp\/v2\/pages"}],"about":[{"href":"https:\/\/www.notredameheusy.net\/maternelle\/wp-json\/wp\/v2\/types\/page"}],"author":[{"embeddable":true,"href":"https:\/\/www.notredameheusy.net\/maternelle\/wp-json\/wp\/v2\/users\/3"}],"replies":[{"embeddable":true,"href":"https:\/\/www.notredameheusy.net\/maternelle\/wp-json\/wp\/v2\/comments?post=4632"}],"version-history":[{"count":6,"href":"https:\/\/www.notredameheusy.net\/maternelle\/wp-json\/wp\/v2\/pages\/4632\/revisions"}],"predecessor-version":[{"id":37087,"href":"https:\/\/www.notredameheusy.net\/maternelle\/wp-json\/wp\/v2\/pages\/4632\/revisions\/37087"}],"wp:attachment":[{"href":"https:\/\/www.notredameheusy.net\/maternelle\/wp-json\/wp\/v2\/media?parent=4632"}],"curies":[{"name":"wp","href":"https:\/\/api.w.org\/{rel}","templated":true}]}}